{"id":4653,"date":"2017-05-10T11:45:26","date_gmt":"2017-05-10T11:45:26","guid":{"rendered":"https:\/\/barbershop-pro.foxthemes.me\/?page_id=4653"},"modified":"2026-01-27T21:56:53","modified_gmt":"2026-01-27T20:56:53","slug":"team","status":"publish","type":"page","link":"https:\/\/chillbarber.at\/index.php\/team\/","title":{"rendered":"Team"},"content":{"rendered":"<section class=\"wpb-content-wrapper\"><p>[vc_row full_width=&#8220;stretch_row_content_no_spaces&#8220;][vc_column][barbershop_main style_bg=&#8220;bg_lx_color&#8220; bg_lx_color=&#8220;#1b1d27&#8243;][vc_row_inner desctop_mt=&#8220;marg-md-t100&#8243; desctop_mb=&#8220;marg-md-b120&#8243; tablets_mt=&#8220;marg-sm-t75&#8243; tablets_mb=&#8220;marg-sm-b95&#8243; mobile_mt=&#8220;marg-xs-t45&#8243; mobile_mb=&#8220;marg-xs-b50&#8243;][vc_column_inner][barbershop_heading title=&#8220;Dein kreatives Team&#8220; subtitle=&#8220;Lerne unser engagiertes Team von stylischen Barbiers kennen. Jeder unserer Jungs bringt einzigartige Skills und Fachwissen mit, um sicherzustellen, dass du den absolut besten Haarschnitt und die beste Pflege bekommst. Wir sorgen daf\u00fcr, dass unser Team immer auf dem neuesten Stand der Trends und Techniken ist. Zusammen arbeiten wir daran, dass du dich bei jedem Besuch bei uns wohlf\u00fchlst und zufrieden bist.&#8220; style_title=&#8220;medium&#8220; align=&#8220;text-center&#8220; divider_switcher=&#8220;show&#8220; lx_iconset_dividers=&#8220;icon-barber&#8220; desctop_mb=&#8220;marg-md-b25&#8243; tablets_mb=&#8220;marg-sm-b20&#8243; mobile_mb=&#8220;marg-xs-b15&#8243; text_divider_switcher=&#8220;true&#8220; custom_color_divider=&#8220;true&#8220;][\/barbershop_heading][barbershop_team_slider lx_iconset_dividers=&#8220;icon-barber&#8220; style_text=&#8220;light&#8220; count_slides=&#8220;3&#8243; md_slides=&#8220;3&#8243; sm_slides=&#8220;3&#8243; xs_slides=&#8220;2&#8243; resp_slide_switch=&#8220;true&#8220; heading_switch=&#8220;show&#8220; title=&#8220;Our Creative Team&#8220; subtitle=&#8220;Rem ipsum dolor sit amet, consectetur adipisicing<br \/>\nelit, sed do eiusmod tempor incididun&#8220;][barbershop_team_slider_item title=&#8220;Ali&#8220; subtitle=&#8220;- Klassischer Barber&#8220; desc=&#8220;Ali ist ein talentierter Friseur, der seine Leidenschaft f\u00fcr Haarstyling in eine erfolgreiche Karriere verwandelt hat. Mit \u00fcber 10 Jahre Erfahrung und einem Auge f\u00fcr Pr\u00e4zision ist er bekannt f\u00fcr seine meisterhaften Haarschnitte und Bartpflege. Als Stil-Enthusiast strebt er danach, das Selbstvertrauen seiner Kunden zu steigern und euch den perfekten Look zu verleihen.&#8220; image=&#8220;5261&#8243;][barbershop_team_slider_item title=&#8220;Tufan&#8220; subtitle=&#8220;- Extreme Barber&#8220; desc=&#8220;Tufan ist ein erfahrener Friseur, der sein Handwerk mit Hingabe und Pr\u00e4zision aus\u00fcbt. Er begeistert seine Kunden mit trendigen Haarschnitten und stilvoller Bartpflege. Seine freundliche Pers\u00f6nlichkeit und Talent f\u00fcr individuelle Stylings machen ihn zur ersten Wahl f\u00fcr anspruchsvolle Kunden, die auf der Suche nach einem einzigartigen Look sind.&#8220; image=&#8220;5260&#8243;][\/barbershop_team_slider][\/vc_column_inner][\/vc_row_inner][\/barbershop_main][\/vc_column][\/vc_row]<\/p>\n<\/section>","protected":false},"excerpt":{"rendered":"<p>[vc_row full_width=&#8220;stretch_row_content_no_spaces&#8220;][vc_column][barbershop_main style_bg=&#8220;bg_lx_color&#8220; bg_lx_color=&#8220;#1b1d27&#8243;][vc_row_inner desctop_mt=&#8220;marg-md-t100&#8243; desctop_mb=&#8220;marg-md-b120&#8243; tablets_mt=&#8220;marg-sm-t75&#8243; tablets_mb=&#8220;marg-sm-b95&#8243; mobile_mt=&#8220;marg-xs-t45&#8243; mobile_mb=&#8220;marg-xs-b50&#8243;][vc_column_inner][barbershop_heading title=&#8220;Dein kreatives Team&#8220; subtitle=&#8220;Lerne unser engagiertes Team von stylischen Barbiers kennen. Jeder&#8230;<\/p>\n","protected":false},"author":1,"featured_media":0,"parent":0,"menu_order":5,"comment_status":"closed","ping_status":"closed","template":"","meta":{"footnotes":""},"class_list":["post-4653","page","type-page","status-publish","hentry"],"_links":{"self":[{"href":"https:\/\/chillbarber.at\/index.php\/wp-json\/wp\/v2\/pages\/4653","targetHints":{"allow":["GET"]}}],"collection":[{"href":"https:\/\/chillbarber.at\/index.php\/wp-json\/wp\/v2\/pages"}],"about":[{"href":"https:\/\/chillbarber.at\/index.php\/wp-json\/wp\/v2\/types\/page"}],"author":[{"embeddable":true,"href":"https:\/\/chillbarber.at\/index.php\/wp-json\/wp\/v2\/users\/1"}],"replies":[{"embeddable":true,"href":"https:\/\/chillbarber.at\/index.php\/wp-json\/wp\/v2\/comments?post=4653"}],"version-history":[{"count":2,"href":"https:\/\/chillbarber.at\/index.php\/wp-json\/wp\/v2\/pages\/4653\/revisions"}],"predecessor-version":[{"id":5490,"href":"https:\/\/chillbarber.at\/index.php\/wp-json\/wp\/v2\/pages\/4653\/revisions\/5490"}],"wp:attachment":[{"href":"https:\/\/chillbarber.at\/index.php\/wp-json\/wp\/v2\/media?parent=4653"}],"curies":[{"name":"wp","href":"https:\/\/api.w.org\/{rel}","templated":true}]}}