{"id":634,"date":"2016-11-11T07:58:52","date_gmt":"2016-11-11T07:58:52","guid":{"rendered":"https:\/\/barbershop-pro.foxthemes.me\/?page_id=634"},"modified":"2023-06-15T21:24:58","modified_gmt":"2023-06-15T19:24:58","slug":"pricing","status":"publish","type":"page","link":"https:\/\/chillbarber.at\/index.php\/pricing\/","title":{"rendered":"pricing"},"content":{"rendered":"<section class=\"wpb-content-wrapper\"><p>[vc_row full_width=&#8220;stretch_row_content_no_spaces&#8220;][vc_column][barbershop_main style_bg=&#8220;bg_image&#8220; check_paralax=&#8220;true&#8220; bg_image_lx=&#8220;1576&#8243;][vc_row_inner desctop_mt=&#8220;marg-md-t160&#8243; desctop_mb=&#8220;marg-md-b25&#8243; tablets_mt=&#8220;marg-sm-t55&#8243; tablets_mb=&#8220;marg-sm-b20&#8243; mobile_mt=&#8220;marg-xs-t10&#8243; mobile_mb=&#8220;marg-xs-b20&#8243; tablets_pt=&#8220;padd-sm-t60&#8243;][vc_column_inner][barbershop_heading title=&#8220;Freshe Cuts zu fairen Preisen&#8220; subtitle=&#8220;Bezahlbare Klasse f\u00fcr deinen Style! Unsere Barber verw\u00f6hnen dich mit erstklassigen Haarschnitten, ohne dein Budget zu strapazieren. Erlebe den perfekten Look, den du dir verdienst!&#8220; style_title=&#8220;large&#8220; align=&#8220;text-center&#8220; lx_iconset_dividers=&#8220;icon-barber&#8220; subtitle_color=&#8220;#000000&#8243;][\/barbershop_heading][\/vc_column_inner][\/vc_row_inner][\/barbershop_main][\/vc_column][\/vc_row][vc_row][vc_column][vc_row_inner desctop_mt=&#8220;marg-md-t95&#8243; tablets_mt=&#8220;marg-sm-t75&#8243; mobile_mt=&#8220;marg-xs-t55&#8243;][vc_column_inner][barbershop_heading title=&#8220;What Will You Get&#8220; subtitle=&#8220;Rem ipsum dolor sit amet, consectetur adipisicing<br \/>\nelit, sed do eiusmod tempor incididun&#8220; style_text=&#8220;dark&#8220; style_title=&#8220;medium&#8220; align=&#8220;text-center&#8220; divider_switcher=&#8220;show&#8220; lx_iconset_dividers=&#8220;icon-barber&#8220; style_divider=&#8220;career&#8220;][\/barbershop_heading][\/vc_column_inner][\/vc_row_inner][vc_row_inner desctop_mt=&#8220;marg-md-t60&#8243; desctop_mb=&#8220;marg-md-b115&#8243; tablets_mt=&#8220;marg-sm-t55&#8243; tablets_mb=&#8220;marg-sm-b65&#8243; mobile_mt=&#8220;marg-xs-t55&#8243; mobile_mb=&#8220;marg-xs-b55&#8243;][vc_column_inner width=&#8220;1\/4&#8243;][barbershop_text_icon title=&#8220;Growth&#8220; type=&#8220;career&#8220; lx_iconset_career=&#8220;icon-icon-7-1&#8243; style_title=&#8220;medium&#8220; align=&#8220;text_center&#8220; align_icon=&#8220;icon_center&#8220;]Lior sit amet, consectetur adipisg<\/p>\n<p>elit, sed do eiusmod tempor<\/p>\n<p>incdunt ut labore[\/barbershop_text_icon][\/vc_column_inner][vc_column_inner width=&#8220;1\/4&#8243;][barbershop_text_icon title=&#8220;Innovation&#8220; type=&#8220;career&#8220; lx_iconset_career=&#8220;icon-icon-7-6&#8243; style_title=&#8220;medium&#8220; align=&#8220;text_center&#8220; align_icon=&#8220;icon_center&#8220;]Amet, consectetur adipisicing elit,<\/p>\n<p>sed do eiusmod tempor incidunt ut<\/p>\n<p>labo isicing elitre[\/barbershop_text_icon][\/vc_column_inner][vc_column_inner width=&#8220;1\/4&#8243;][barbershop_text_icon title=&#8220;Time Save&#8220; type=&#8220;career&#8220; lx_iconset_career=&#8220;icon-icon-7-5&#8243; style_title=&#8220;medium&#8220; align=&#8220;text_center&#8220; align_icon=&#8220;icon_center&#8220;]Consectetur adipisicing elit, sed do<\/p>\n<p>eiusmod tempor incidunt ut labore<\/p>\n<p>et dolore[\/barbershop_text_icon][\/vc_column_inner][vc_column_inner width=&#8220;1\/4&#8243;][barbershop_text_icon title=&#8220;Resultative&#8220; type=&#8220;career&#8220; lx_iconset_career=&#8220;icon-icon-7-7&#8243; style_title=&#8220;medium&#8220; align=&#8220;text_center&#8220; align_icon=&#8220;icon_center&#8220;]Sit amet, consectetur adipisicing<\/p>\n<p>elit, sed do eiusmod tempor ncidunt<\/p>\n<p>ut labore[\/barbershop_text_icon][\/vc_column_inner][\/vc_row_inner][\/vc_column][\/vc_row][vc_row full_width=&#8220;stretch_row&#8220; desctop_pt=&#8220;padd-md-t60&#8243; desctop_pb=&#8220;padd-md-b65&#8243; tablets_pt=&#8220;padd-sm-t50&#8243; tablets_pb=&#8220;padd-sm-b50&#8243; mobile_pt=&#8220;padd-xs-t40&#8243; mobile_pb=&#8220;padd-xs-b40&#8243; css=&#8220;.vc_custom_1479747539284{background-color: #f2f2f2 !important;}&#8220;][vc_column][vc_row_inner][vc_column_inner width=&#8220;1\/3&#8243;][barbershop_heading title=&#8220;Kontaktiere uns&#8220; subtitle=&#8220;Falls du Fragen hast kannst du dich bei uns \u00fcber das Kontaktformular melden&#8220; style_text=&#8220;dark&#8220; style_title=&#8220;medium&#8220; divider_switcher=&#8220;show&#8220; lx_iconset_dividers=&#8220;icon-barber&#8220; style_divider=&#8220;career&#8220;]Wir m\u00f6chten sicherstellen, dass du alle Informationen erh\u00e4ltst, die du ben\u00f6tigst. \u00dcber unser einfaches und benutzerfreundliches Kontaktformular kannst du uns bequem erreichen. Egal, ob du eine Terminanfrage hast, Informationen \u00fcber unsere Dienstleistungen ben\u00f6tigst oder uns einfach Feedback geben m\u00f6chtest, wir sind hier, um dir zu helfen. F\u00fclle das Kontaktformular aus und wir werden uns so schnell wie m\u00f6glich bei dir melden. Wir freuen uns darauf, von dir zu h\u00f6ren und dir den bestm\u00f6glichen Service zu bieten.[\/barbershop_heading][\/vc_column_inner][vc_column_inner width=&#8220;2\/3&#8243; desctop_mt=&#8220;marg-md-t10&#8243;][barbershop_formidable form=&#8220;1&#8243; style=&#8220;career&#8220;][\/vc_column_inner][\/vc_row_inner][\/vc_column][\/vc_row]<\/p>\n<\/section>","protected":false},"excerpt":{"rendered":"<p>[vc_row full_width=&#8220;stretch_row_content_no_spaces&#8220;][vc_column][barbershop_main style_bg=&#8220;bg_image&#8220; check_paralax=&#8220;true&#8220; bg_image_lx=&#8220;1576&#8243;][vc_row_inner desctop_mt=&#8220;marg-md-t160&#8243; desctop_mb=&#8220;marg-md-b25&#8243; tablets_mt=&#8220;marg-sm-t55&#8243; tablets_mb=&#8220;marg-sm-b20&#8243; mobile_mt=&#8220;marg-xs-t10&#8243; mobile_mb=&#8220;marg-xs-b20&#8243; tablets_pt=&#8220;padd-sm-t60&#8243;][vc_column_inner][barbershop_heading title=&#8220;Freshe Cuts zu fairen Preisen&#8220; subtitle=&#8220;Bezahlbare Klasse f\u00fcr deinen Style!&#8230;<\/p>\n","protected":false},"author":1,"featured_media":0,"parent":0,"menu_order":0,"comment_status":"closed","ping_status":"closed","template":"","meta":{"footnotes":""},"class_list":["post-634","page","type-page","status-publish","hentry"],"_links":{"self":[{"href":"https:\/\/chillbarber.at\/index.php\/wp-json\/wp\/v2\/pages\/634","targetHints":{"allow":["GET"]}}],"collection":[{"href":"https:\/\/chillbarber.at\/index.php\/wp-json\/wp\/v2\/pages"}],"about":[{"href":"https:\/\/chillbarber.at\/index.php\/wp-json\/wp\/v2\/types\/page"}],"author":[{"embeddable":true,"href":"https:\/\/chillbarber.at\/index.php\/wp-json\/wp\/v2\/users\/1"}],"replies":[{"embeddable":true,"href":"https:\/\/chillbarber.at\/index.php\/wp-json\/wp\/v2\/comments?post=634"}],"version-history":[{"count":0,"href":"https:\/\/chillbarber.at\/index.php\/wp-json\/wp\/v2\/pages\/634\/revisions"}],"wp:attachment":[{"href":"https:\/\/chillbarber.at\/index.php\/wp-json\/wp\/v2\/media?parent=634"}],"curies":[{"name":"wp","href":"https:\/\/api.w.org\/{rel}","templated":true}]}}